{"id":3002,"date":"2022-07-12T12:40:47","date_gmt":"2022-07-12T10:40:47","guid":{"rendered":"https:\/\/www.pci-bretagne.bzh\/politikerezh-prevezded\/"},"modified":"2023-04-11T10:07:01","modified_gmt":"2023-04-11T08:07:01","slug":"politikerezh-prevezded","status":"publish","type":"page","link":"https:\/\/www.pci-bretagne.bzh\/bzh\/politikerezh-prevezded\/","title":{"rendered":"Politikerezh prevezded"},"content":{"rendered":"","protected":false},"excerpt":{"rendered":"","protected":false},"author":1,"featured_media":883,"parent":0,"menu_order":0,"comment_status":"closed","ping_status":"closed","template":"","meta":{"_acf_changed":false,"footnotes":""},"class_list":["post-3002","page","type-page","status-publish","has-post-thumbnail","hentry"],"acf":[],"yoast_head":"<!-- This site is optimized with the Yoast SEO plugin v24.5 - https:\/\/yoast.com\/wordpress\/plugins\/seo\/ -->\n<title>Politikerezh prevezded &#8211; PCI.bzh<\/title>\n<meta name=\"description\" content=\"Adkavit war ar bajenn-ma\u00f1 an holl ditouro\u00f9 diwar-benn implij ho roadenno\u00f9 personel war hol lec\u2019hienn internet.\" \/>\n<meta name=\"robots\" content=\"index, follow, max-snippet:-1, max-image-preview:large, max-video-preview:-1\" \/>\n<link rel=\"canonical\" href=\"https:\/\/www.pci-bretagne.bzh\/bzh\/politikerezh-prevezded\/\" \/>\n<meta property=\"og:locale\" content=\"en_US\" \/>\n<meta property=\"og:type\" content=\"article\" \/>\n<meta property=\"og:title\" content=\"Politikerezh prevezded &#8211; PCI.bzh\" \/>\n<meta property=\"og:description\" content=\"Adkavit war ar bajenn-ma\u00f1 an holl ditouro\u00f9 diwar-benn implij ho roadenno\u00f9 personel war hol lec\u2019hienn internet.\" \/>\n<meta property=\"og:url\" content=\"https:\/\/www.pci-bretagne.bzh\/bzh\/politikerezh-prevezded\/\" \/>\n<meta property=\"og:site_name\" content=\"PCI.bzh\" \/>\n<meta property=\"article:publisher\" content=\"https:\/\/www.facebook.com\/bretagne.culturediversite\" \/>\n<meta property=\"article:modified_time\" content=\"2023-04-11T08:07:01+00:00\" \/>\n<meta property=\"og:image\" content=\"https:\/\/www.pci-bretagne.bzh\/wp-content\/uploads\/2022\/06\/La-Boueze-\u00a9-Phian-Dominique-1.jpg\" \/>\n\t<meta property=\"og:image:width\" content=\"1000\" \/>\n\t<meta property=\"og:image:height\" content=\"626\" \/>\n\t<meta property=\"og:image:type\" content=\"image\/jpeg\" \/>\n<meta name=\"twitter:card\" content=\"summary_large_image\" \/>\n<meta name=\"twitter:site\" content=\"@BCDsevenaduriou\" \/>\n<script type=\"application\/ld+json\" class=\"yoast-schema-graph\">{\"@context\":\"https:\/\/schema.org\",\"@graph\":[{\"@type\":\"WebPage\",\"@id\":\"https:\/\/www.pci-bretagne.bzh\/bzh\/politikerezh-prevezded\/\",\"url\":\"https:\/\/www.pci-bretagne.bzh\/bzh\/politikerezh-prevezded\/\",\"name\":\"Politikerezh prevezded &#8211; PCI.bzh\",\"isPartOf\":{\"@id\":\"https:\/\/www.pci-bretagne.bzh\/bzh\/#website\"},\"primaryImageOfPage\":{\"@id\":\"https:\/\/www.pci-bretagne.bzh\/bzh\/politikerezh-prevezded\/#primaryimage\"},\"image\":{\"@id\":\"https:\/\/www.pci-bretagne.bzh\/bzh\/politikerezh-prevezded\/#primaryimage\"},\"thumbnailUrl\":\"https:\/\/www.pci-bretagne.bzh\/wp-content\/uploads\/2022\/06\/La-Boueze-\u00a9-Phian-Dominique-1.jpg\",\"datePublished\":\"2022-07-12T10:40:47+00:00\",\"dateModified\":\"2023-04-11T08:07:01+00:00\",\"description\":\"Adkavit war ar bajenn-ma\u00f1 an holl ditouro\u00f9 diwar-benn implij ho roadenno\u00f9 personel war hol lec\u2019hienn internet.\",\"breadcrumb\":{\"@id\":\"https:\/\/www.pci-bretagne.bzh\/bzh\/politikerezh-prevezded\/#breadcrumb\"},\"inLanguage\":\"bzh-BZH\",\"potentialAction\":[{\"@type\":\"ReadAction\",\"target\":[\"https:\/\/www.pci-bretagne.bzh\/bzh\/politikerezh-prevezded\/\"]}]},{\"@type\":\"ImageObject\",\"inLanguage\":\"bzh-BZH\",\"@id\":\"https:\/\/www.pci-bretagne.bzh\/bzh\/politikerezh-prevezded\/#primaryimage\",\"url\":\"https:\/\/www.pci-bretagne.bzh\/wp-content\/uploads\/2022\/06\/La-Boueze-\u00a9-Phian-Dominique-1.jpg\",\"contentUrl\":\"https:\/\/www.pci-bretagne.bzh\/wp-content\/uploads\/2022\/06\/La-Boueze-\u00a9-Phian-Dominique-1.jpg\",\"width\":1000,\"height\":626,\"caption\":\"\u00a9 Phian Dominique\"},{\"@type\":\"BreadcrumbList\",\"@id\":\"https:\/\/www.pci-bretagne.bzh\/bzh\/politikerezh-prevezded\/#breadcrumb\",\"itemListElement\":[{\"@type\":\"ListItem\",\"position\":1,\"name\":\"Home\",\"item\":\"https:\/\/www.pci-bretagne.bzh\/bzh\/\"},{\"@type\":\"ListItem\",\"position\":2,\"name\":\"Politikerezh prevezded\"}]},{\"@type\":\"WebSite\",\"@id\":\"https:\/\/www.pci-bretagne.bzh\/bzh\/#website\",\"url\":\"https:\/\/www.pci-bretagne.bzh\/bzh\/\",\"name\":\"PCI.bzh\",\"description\":\"Patrimoine Culturel Immat\u00e9riel en Bretagne\",\"publisher\":{\"@id\":\"https:\/\/www.pci-bretagne.bzh\/bzh\/#organization\"},\"potentialAction\":[{\"@type\":\"SearchAction\",\"target\":{\"@type\":\"EntryPoint\",\"urlTemplate\":\"https:\/\/www.pci-bretagne.bzh\/bzh\/?s={search_term_string}\"},\"query-input\":{\"@type\":\"PropertyValueSpecification\",\"valueRequired\":true,\"valueName\":\"search_term_string\"}}],\"inLanguage\":\"bzh-BZH\"},{\"@type\":\"Organization\",\"@id\":\"https:\/\/www.pci-bretagne.bzh\/bzh\/#organization\",\"name\":\"Le patrimoine culturel immat\u00e9riel en Bretagne\",\"url\":\"https:\/\/www.pci-bretagne.bzh\/bzh\/\",\"logo\":{\"@type\":\"ImageObject\",\"inLanguage\":\"bzh-BZH\",\"@id\":\"https:\/\/www.pci-bretagne.bzh\/bzh\/#\/schema\/logo\/image\/\",\"url\":\"https:\/\/www.pci-bretagne.bzh\/wp-content\/uploads\/2022\/03\/cropped-PCI-Logo-2022-300-dpi.png\",\"contentUrl\":\"https:\/\/www.pci-bretagne.bzh\/wp-content\/uploads\/2022\/03\/cropped-PCI-Logo-2022-300-dpi.png\",\"width\":512,\"height\":512,\"caption\":\"Le patrimoine culturel immat\u00e9riel en Bretagne\"},\"image\":{\"@id\":\"https:\/\/www.pci-bretagne.bzh\/bzh\/#\/schema\/logo\/image\/\"},\"sameAs\":[\"https:\/\/www.facebook.com\/bretagne.culturediversite\",\"https:\/\/x.com\/BCDsevenaduriou\",\"https:\/\/www.instagram.com\/bretagneculture\/\"]}]}<\/script>\n<!-- \/ Yoast SEO plugin. -->","yoast_head_json":{"title":"Politikerezh prevezded &#8211; PCI.bzh","description":"Adkavit war ar bajenn-ma\u00f1 an holl ditouro\u00f9 diwar-benn implij ho roadenno\u00f9 personel war hol lec\u2019hienn internet.","robots":{"index":"index","follow":"follow","max-snippet":"max-snippet:-1","max-image-preview":"max-image-preview:large","max-video-preview":"max-video-preview:-1"},"canonical":"https:\/\/www.pci-bretagne.bzh\/bzh\/politikerezh-prevezded\/","og_locale":"en_US","og_type":"article","og_title":"Politikerezh prevezded &#8211; PCI.bzh","og_description":"Adkavit war ar bajenn-ma\u00f1 an holl ditouro\u00f9 diwar-benn implij ho roadenno\u00f9 personel war hol lec\u2019hienn internet.","og_url":"https:\/\/www.pci-bretagne.bzh\/bzh\/politikerezh-prevezded\/","og_site_name":"PCI.bzh","article_publisher":"https:\/\/www.facebook.com\/bretagne.culturediversite","article_modified_time":"2023-04-11T08:07:01+00:00","og_image":[{"width":1000,"height":626,"url":"https:\/\/www.pci-bretagne.bzh\/wp-content\/uploads\/2022\/06\/La-Boueze-\u00a9-Phian-Dominique-1.jpg","type":"image\/jpeg"}],"twitter_card":"summary_large_image","twitter_site":"@BCDsevenaduriou","schema":{"@context":"https:\/\/schema.org","@graph":[{"@type":"WebPage","@id":"https:\/\/www.pci-bretagne.bzh\/bzh\/politikerezh-prevezded\/","url":"https:\/\/www.pci-bretagne.bzh\/bzh\/politikerezh-prevezded\/","name":"Politikerezh prevezded &#8211; PCI.bzh","isPartOf":{"@id":"https:\/\/www.pci-bretagne.bzh\/bzh\/#website"},"primaryImageOfPage":{"@id":"https:\/\/www.pci-bretagne.bzh\/bzh\/politikerezh-prevezded\/#primaryimage"},"image":{"@id":"https:\/\/www.pci-bretagne.bzh\/bzh\/politikerezh-prevezded\/#primaryimage"},"thumbnailUrl":"https:\/\/www.pci-bretagne.bzh\/wp-content\/uploads\/2022\/06\/La-Boueze-\u00a9-Phian-Dominique-1.jpg","datePublished":"2022-07-12T10:40:47+00:00","dateModified":"2023-04-11T08:07:01+00:00","description":"Adkavit war ar bajenn-ma\u00f1 an holl ditouro\u00f9 diwar-benn implij ho roadenno\u00f9 personel war hol lec\u2019hienn internet.","breadcrumb":{"@id":"https:\/\/www.pci-bretagne.bzh\/bzh\/politikerezh-prevezded\/#breadcrumb"},"inLanguage":"bzh-BZH","potentialAction":[{"@type":"ReadAction","target":["https:\/\/www.pci-bretagne.bzh\/bzh\/politikerezh-prevezded\/"]}]},{"@type":"ImageObject","inLanguage":"bzh-BZH","@id":"https:\/\/www.pci-bretagne.bzh\/bzh\/politikerezh-prevezded\/#primaryimage","url":"https:\/\/www.pci-bretagne.bzh\/wp-content\/uploads\/2022\/06\/La-Boueze-\u00a9-Phian-Dominique-1.jpg","contentUrl":"https:\/\/www.pci-bretagne.bzh\/wp-content\/uploads\/2022\/06\/La-Boueze-\u00a9-Phian-Dominique-1.jpg","width":1000,"height":626,"caption":"\u00a9 Phian Dominique"},{"@type":"BreadcrumbList","@id":"https:\/\/www.pci-bretagne.bzh\/bzh\/politikerezh-prevezded\/#breadcrumb","itemListElement":[{"@type":"ListItem","position":1,"name":"Home","item":"https:\/\/www.pci-bretagne.bzh\/bzh\/"},{"@type":"ListItem","position":2,"name":"Politikerezh prevezded"}]},{"@type":"WebSite","@id":"https:\/\/www.pci-bretagne.bzh\/bzh\/#website","url":"https:\/\/www.pci-bretagne.bzh\/bzh\/","name":"PCI.bzh","description":"Patrimoine Culturel Immat\u00e9riel en Bretagne","publisher":{"@id":"https:\/\/www.pci-bretagne.bzh\/bzh\/#organization"},"potentialAction":[{"@type":"SearchAction","target":{"@type":"EntryPoint","urlTemplate":"https:\/\/www.pci-bretagne.bzh\/bzh\/?s={search_term_string}"},"query-input":{"@type":"PropertyValueSpecification","valueRequired":true,"valueName":"search_term_string"}}],"inLanguage":"bzh-BZH"},{"@type":"Organization","@id":"https:\/\/www.pci-bretagne.bzh\/bzh\/#organization","name":"Le patrimoine culturel immat\u00e9riel en Bretagne","url":"https:\/\/www.pci-bretagne.bzh\/bzh\/","logo":{"@type":"ImageObject","inLanguage":"bzh-BZH","@id":"https:\/\/www.pci-bretagne.bzh\/bzh\/#\/schema\/logo\/image\/","url":"https:\/\/www.pci-bretagne.bzh\/wp-content\/uploads\/2022\/03\/cropped-PCI-Logo-2022-300-dpi.png","contentUrl":"https:\/\/www.pci-bretagne.bzh\/wp-content\/uploads\/2022\/03\/cropped-PCI-Logo-2022-300-dpi.png","width":512,"height":512,"caption":"Le patrimoine culturel immat\u00e9riel en Bretagne"},"image":{"@id":"https:\/\/www.pci-bretagne.bzh\/bzh\/#\/schema\/logo\/image\/"},"sameAs":["https:\/\/www.facebook.com\/bretagne.culturediversite","https:\/\/x.com\/BCDsevenaduriou","https:\/\/www.instagram.com\/bretagneculture\/"]}]}},"_links":{"self":[{"href":"https:\/\/www.pci-bretagne.bzh\/bzh\/wp-json\/wp\/v2\/pages\/3002","targetHints":{"allow":["GET"]}}],"collection":[{"href":"https:\/\/www.pci-bretagne.bzh\/bzh\/wp-json\/wp\/v2\/pages"}],"about":[{"href":"https:\/\/www.pci-bretagne.bzh\/bzh\/wp-json\/wp\/v2\/types\/page"}],"author":[{"embeddable":true,"href":"https:\/\/www.pci-bretagne.bzh\/bzh\/wp-json\/wp\/v2\/users\/1"}],"replies":[{"embeddable":true,"href":"https:\/\/www.pci-bretagne.bzh\/bzh\/wp-json\/wp\/v2\/comments?post=3002"}],"version-history":[{"count":4,"href":"https:\/\/www.pci-bretagne.bzh\/bzh\/wp-json\/wp\/v2\/pages\/3002\/revisions"}],"predecessor-version":[{"id":3241,"href":"https:\/\/www.pci-bretagne.bzh\/bzh\/wp-json\/wp\/v2\/pages\/3002\/revisions\/3241"}],"wp:featuredmedia":[{"embeddable":true,"href":"https:\/\/www.pci-bretagne.bzh\/bzh\/wp-json\/wp\/v2\/media\/883"}],"wp:attachment":[{"href":"https:\/\/www.pci-bretagne.bzh\/bzh\/wp-json\/wp\/v2\/media?parent=3002"}],"curies":[{"name":"wp","href":"https:\/\/api.w.org\/{rel}","templated":true}]}}