{"id":3372,"date":"2026-01-28T00:01:52","date_gmt":"2026-01-27T23:01:52","guid":{"rendered":"https:\/\/www.pci-bretagne.bzh\/pardoniou-ha-troveniou\/"},"modified":"2022-07-06T16:24:52","modified_gmt":"2022-07-06T14:24:52","slug":"pardoniou-ha-troveniou","status":"publish","type":"page","link":"https:\/\/www.pci-bretagne.bzh\/bzh\/pardoniou-ha-troveniou\/","title":{"rendered":"Pardonio\u00f9 ha trovenio\u00f9"},"content":{"rendered":"","protected":false},"excerpt":{"rendered":"","protected":false},"author":2,"featured_media":4104,"parent":0,"menu_order":0,"comment_status":"closed","ping_status":"closed","template":"","meta":{"_acf_changed":false,"footnotes":""},"class_list":["post-3372","page","type-page","status-publish","has-post-thumbnail","hentry"],"acf":[],"yoast_head":"<!-- This site is optimized with the Yoast SEO plugin v24.5 - https:\/\/yoast.com\/wordpress\/plugins\/seo\/ -->\n<title>Pardonio\u00f9 ha trovenio\u00f9 &#8211; PCI.bzh<\/title>\n<meta name=\"description\" content=\"Sur cette page, vous trouverez toutes les informations sur :Pardonio\u00f9 ha trovenio\u00f9\" \/>\n<meta name=\"robots\" content=\"index, follow, max-snippet:-1, max-image-preview:large, max-video-preview:-1\" \/>\n<link rel=\"canonical\" href=\"https:\/\/www.pci-bretagne.bzh\/bzh\/pardoniou-ha-troveniou\/\" \/>\n<meta property=\"og:locale\" content=\"en_US\" \/>\n<meta property=\"og:type\" content=\"article\" \/>\n<meta property=\"og:title\" content=\"Pardonio\u00f9 ha trovenio\u00f9 &#8211; PCI.bzh\" \/>\n<meta property=\"og:description\" content=\"Sur cette page, vous trouverez toutes les informations sur :Pardonio\u00f9 ha trovenio\u00f9\" \/>\n<meta property=\"og:url\" content=\"https:\/\/www.pci-bretagne.bzh\/bzh\/pardoniou-ha-troveniou\/\" \/>\n<meta property=\"og:site_name\" content=\"PCI.bzh\" \/>\n<meta property=\"article:publisher\" content=\"https:\/\/www.facebook.com\/bretagne.culturediversite\" \/>\n<meta property=\"og:image\" content=\"https:\/\/www.pci-bretagne.bzh\/wp-content\/uploads\/2024\/01\/IMG_20190714_1819182-scaled.jpg\" \/>\n\t<meta property=\"og:image:width\" content=\"2560\" \/>\n\t<meta property=\"og:image:height\" content=\"1777\" \/>\n\t<meta property=\"og:image:type\" content=\"image\/jpeg\" \/>\n<meta name=\"twitter:card\" content=\"summary_large_image\" \/>\n<meta name=\"twitter:site\" content=\"@BCDsevenaduriou\" \/>\n<script type=\"application\/ld+json\" class=\"yoast-schema-graph\">{\"@context\":\"https:\/\/schema.org\",\"@graph\":[{\"@type\":\"WebPage\",\"@id\":\"https:\/\/www.pci-bretagne.bzh\/bzh\/pardoniou-ha-troveniou\/\",\"url\":\"https:\/\/www.pci-bretagne.bzh\/bzh\/pardoniou-ha-troveniou\/\",\"name\":\"Pardonio\u00f9 ha trovenio\u00f9 &#8211; PCI.bzh\",\"isPartOf\":{\"@id\":\"https:\/\/www.pci-bretagne.bzh\/bzh\/#website\"},\"primaryImageOfPage\":{\"@id\":\"https:\/\/www.pci-bretagne.bzh\/bzh\/pardoniou-ha-troveniou\/#primaryimage\"},\"image\":{\"@id\":\"https:\/\/www.pci-bretagne.bzh\/bzh\/pardoniou-ha-troveniou\/#primaryimage\"},\"thumbnailUrl\":\"https:\/\/www.pci-bretagne.bzh\/wp-content\/uploads\/2024\/01\/IMG_20190714_1819182-scaled.jpg\",\"datePublished\":\"2026-01-27T23:01:52+00:00\",\"description\":\"Sur cette page, vous trouverez toutes les informations sur :Pardonio\u00f9 ha trovenio\u00f9\",\"breadcrumb\":{\"@id\":\"https:\/\/www.pci-bretagne.bzh\/bzh\/pardoniou-ha-troveniou\/#breadcrumb\"},\"inLanguage\":\"bzh-BZH\",\"potentialAction\":[{\"@type\":\"ReadAction\",\"target\":[\"https:\/\/www.pci-bretagne.bzh\/bzh\/pardoniou-ha-troveniou\/\"]}]},{\"@type\":\"ImageObject\",\"inLanguage\":\"bzh-BZH\",\"@id\":\"https:\/\/www.pci-bretagne.bzh\/bzh\/pardoniou-ha-troveniou\/#primaryimage\",\"url\":\"https:\/\/www.pci-bretagne.bzh\/wp-content\/uploads\/2024\/01\/IMG_20190714_1819182-scaled.jpg\",\"contentUrl\":\"https:\/\/www.pci-bretagne.bzh\/wp-content\/uploads\/2024\/01\/IMG_20190714_1819182-scaled.jpg\",\"width\":2560,\"height\":1777},{\"@type\":\"BreadcrumbList\",\"@id\":\"https:\/\/www.pci-bretagne.bzh\/bzh\/pardoniou-ha-troveniou\/#breadcrumb\",\"itemListElement\":[{\"@type\":\"ListItem\",\"position\":1,\"name\":\"Home\",\"item\":\"https:\/\/www.pci-bretagne.bzh\/bzh\/\"},{\"@type\":\"ListItem\",\"position\":2,\"name\":\"Pardonio\u00f9 ha trovenio\u00f9\"}]},{\"@type\":\"WebSite\",\"@id\":\"https:\/\/www.pci-bretagne.bzh\/bzh\/#website\",\"url\":\"https:\/\/www.pci-bretagne.bzh\/bzh\/\",\"name\":\"PCI.bzh\",\"description\":\"Patrimoine Culturel Immat\u00e9riel en Bretagne\",\"publisher\":{\"@id\":\"https:\/\/www.pci-bretagne.bzh\/bzh\/#organization\"},\"potentialAction\":[{\"@type\":\"SearchAction\",\"target\":{\"@type\":\"EntryPoint\",\"urlTemplate\":\"https:\/\/www.pci-bretagne.bzh\/bzh\/?s={search_term_string}\"},\"query-input\":{\"@type\":\"PropertyValueSpecification\",\"valueRequired\":true,\"valueName\":\"search_term_string\"}}],\"inLanguage\":\"bzh-BZH\"},{\"@type\":\"Organization\",\"@id\":\"https:\/\/www.pci-bretagne.bzh\/bzh\/#organization\",\"name\":\"Le patrimoine culturel immat\u00e9riel en Bretagne\",\"url\":\"https:\/\/www.pci-bretagne.bzh\/bzh\/\",\"logo\":{\"@type\":\"ImageObject\",\"inLanguage\":\"bzh-BZH\",\"@id\":\"https:\/\/www.pci-bretagne.bzh\/bzh\/#\/schema\/logo\/image\/\",\"url\":\"https:\/\/www.pci-bretagne.bzh\/wp-content\/uploads\/2022\/03\/cropped-PCI-Logo-2022-300-dpi.png\",\"contentUrl\":\"https:\/\/www.pci-bretagne.bzh\/wp-content\/uploads\/2022\/03\/cropped-PCI-Logo-2022-300-dpi.png\",\"width\":512,\"height\":512,\"caption\":\"Le patrimoine culturel immat\u00e9riel en Bretagne\"},\"image\":{\"@id\":\"https:\/\/www.pci-bretagne.bzh\/bzh\/#\/schema\/logo\/image\/\"},\"sameAs\":[\"https:\/\/www.facebook.com\/bretagne.culturediversite\",\"https:\/\/x.com\/BCDsevenaduriou\",\"https:\/\/www.instagram.com\/bretagneculture\/\"]}]}<\/script>\n<!-- \/ Yoast SEO plugin. -->","yoast_head_json":{"title":"Pardonio\u00f9 ha trovenio\u00f9 &#8211; PCI.bzh","description":"Sur cette page, vous trouverez toutes les informations sur :Pardonio\u00f9 ha trovenio\u00f9","robots":{"index":"index","follow":"follow","max-snippet":"max-snippet:-1","max-image-preview":"max-image-preview:large","max-video-preview":"max-video-preview:-1"},"canonical":"https:\/\/www.pci-bretagne.bzh\/bzh\/pardoniou-ha-troveniou\/","og_locale":"en_US","og_type":"article","og_title":"Pardonio\u00f9 ha trovenio\u00f9 &#8211; PCI.bzh","og_description":"Sur cette page, vous trouverez toutes les informations sur :Pardonio\u00f9 ha trovenio\u00f9","og_url":"https:\/\/www.pci-bretagne.bzh\/bzh\/pardoniou-ha-troveniou\/","og_site_name":"PCI.bzh","article_publisher":"https:\/\/www.facebook.com\/bretagne.culturediversite","og_image":[{"width":2560,"height":1777,"url":"https:\/\/www.pci-bretagne.bzh\/wp-content\/uploads\/2024\/01\/IMG_20190714_1819182-scaled.jpg","type":"image\/jpeg"}],"twitter_card":"summary_large_image","twitter_site":"@BCDsevenaduriou","schema":{"@context":"https:\/\/schema.org","@graph":[{"@type":"WebPage","@id":"https:\/\/www.pci-bretagne.bzh\/bzh\/pardoniou-ha-troveniou\/","url":"https:\/\/www.pci-bretagne.bzh\/bzh\/pardoniou-ha-troveniou\/","name":"Pardonio\u00f9 ha trovenio\u00f9 &#8211; PCI.bzh","isPartOf":{"@id":"https:\/\/www.pci-bretagne.bzh\/bzh\/#website"},"primaryImageOfPage":{"@id":"https:\/\/www.pci-bretagne.bzh\/bzh\/pardoniou-ha-troveniou\/#primaryimage"},"image":{"@id":"https:\/\/www.pci-bretagne.bzh\/bzh\/pardoniou-ha-troveniou\/#primaryimage"},"thumbnailUrl":"https:\/\/www.pci-bretagne.bzh\/wp-content\/uploads\/2024\/01\/IMG_20190714_1819182-scaled.jpg","datePublished":"2026-01-27T23:01:52+00:00","description":"Sur cette page, vous trouverez toutes les informations sur :Pardonio\u00f9 ha trovenio\u00f9","breadcrumb":{"@id":"https:\/\/www.pci-bretagne.bzh\/bzh\/pardoniou-ha-troveniou\/#breadcrumb"},"inLanguage":"bzh-BZH","potentialAction":[{"@type":"ReadAction","target":["https:\/\/www.pci-bretagne.bzh\/bzh\/pardoniou-ha-troveniou\/"]}]},{"@type":"ImageObject","inLanguage":"bzh-BZH","@id":"https:\/\/www.pci-bretagne.bzh\/bzh\/pardoniou-ha-troveniou\/#primaryimage","url":"https:\/\/www.pci-bretagne.bzh\/wp-content\/uploads\/2024\/01\/IMG_20190714_1819182-scaled.jpg","contentUrl":"https:\/\/www.pci-bretagne.bzh\/wp-content\/uploads\/2024\/01\/IMG_20190714_1819182-scaled.jpg","width":2560,"height":1777},{"@type":"BreadcrumbList","@id":"https:\/\/www.pci-bretagne.bzh\/bzh\/pardoniou-ha-troveniou\/#breadcrumb","itemListElement":[{"@type":"ListItem","position":1,"name":"Home","item":"https:\/\/www.pci-bretagne.bzh\/bzh\/"},{"@type":"ListItem","position":2,"name":"Pardonio\u00f9 ha trovenio\u00f9"}]},{"@type":"WebSite","@id":"https:\/\/www.pci-bretagne.bzh\/bzh\/#website","url":"https:\/\/www.pci-bretagne.bzh\/bzh\/","name":"PCI.bzh","description":"Patrimoine Culturel Immat\u00e9riel en Bretagne","publisher":{"@id":"https:\/\/www.pci-bretagne.bzh\/bzh\/#organization"},"potentialAction":[{"@type":"SearchAction","target":{"@type":"EntryPoint","urlTemplate":"https:\/\/www.pci-bretagne.bzh\/bzh\/?s={search_term_string}"},"query-input":{"@type":"PropertyValueSpecification","valueRequired":true,"valueName":"search_term_string"}}],"inLanguage":"bzh-BZH"},{"@type":"Organization","@id":"https:\/\/www.pci-bretagne.bzh\/bzh\/#organization","name":"Le patrimoine culturel immat\u00e9riel en Bretagne","url":"https:\/\/www.pci-bretagne.bzh\/bzh\/","logo":{"@type":"ImageObject","inLanguage":"bzh-BZH","@id":"https:\/\/www.pci-bretagne.bzh\/bzh\/#\/schema\/logo\/image\/","url":"https:\/\/www.pci-bretagne.bzh\/wp-content\/uploads\/2022\/03\/cropped-PCI-Logo-2022-300-dpi.png","contentUrl":"https:\/\/www.pci-bretagne.bzh\/wp-content\/uploads\/2022\/03\/cropped-PCI-Logo-2022-300-dpi.png","width":512,"height":512,"caption":"Le patrimoine culturel immat\u00e9riel en Bretagne"},"image":{"@id":"https:\/\/www.pci-bretagne.bzh\/bzh\/#\/schema\/logo\/image\/"},"sameAs":["https:\/\/www.facebook.com\/bretagne.culturediversite","https:\/\/x.com\/BCDsevenaduriou","https:\/\/www.instagram.com\/bretagneculture\/"]}]}},"_links":{"self":[{"href":"https:\/\/www.pci-bretagne.bzh\/bzh\/wp-json\/wp\/v2\/pages\/3372","targetHints":{"allow":["GET"]}}],"collection":[{"href":"https:\/\/www.pci-bretagne.bzh\/bzh\/wp-json\/wp\/v2\/pages"}],"about":[{"href":"https:\/\/www.pci-bretagne.bzh\/bzh\/wp-json\/wp\/v2\/types\/page"}],"author":[{"embeddable":true,"href":"https:\/\/www.pci-bretagne.bzh\/bzh\/wp-json\/wp\/v2\/users\/2"}],"replies":[{"embeddable":true,"href":"https:\/\/www.pci-bretagne.bzh\/bzh\/wp-json\/wp\/v2\/comments?post=3372"}],"version-history":[{"count":1,"href":"https:\/\/www.pci-bretagne.bzh\/bzh\/wp-json\/wp\/v2\/pages\/3372\/revisions"}],"predecessor-version":[{"id":5321,"href":"https:\/\/www.pci-bretagne.bzh\/bzh\/wp-json\/wp\/v2\/pages\/3372\/revisions\/5321"}],"wp:featuredmedia":[{"embeddable":true,"href":"https:\/\/www.pci-bretagne.bzh\/bzh\/wp-json\/wp\/v2\/media\/4104"}],"wp:attachment":[{"href":"https:\/\/www.pci-bretagne.bzh\/bzh\/wp-json\/wp\/v2\/media?parent=3372"}],"curies":[{"name":"wp","href":"https:\/\/api.w.org\/{rel}","templated":true}]}}